{"id":692,"date":"2017-12-13T18:34:26","date_gmt":"2017-12-13T17:34:26","guid":{"rendered":"https:\/\/www.prefektidurres.gov.al\/?page_id=692"},"modified":"2021-03-09T10:25:44","modified_gmt":"2021-03-09T09:25:44","slug":"kerkese-per-informacion","status":"publish","type":"page","link":"https:\/\/www.prefektidurres.gov.al\/index.php\/kerkese-per-informacion\/","title":{"rendered":"K\u00ebrkes\u00eb p\u00ebr Informacion"},"content":{"rendered":"<div class=\"wp-block-pdfemb-pdf-embedder-viewer\"><a href=\"https:\/\/www.prefektidurres.gov.al\/wp-content\/uploads\/2020\/08\/KERKESE-PER-INFORMACION.pdf\" class=\"pdfemb-viewer\" style=\"\" data-width=\"max\" data-height=\"max\" data-toolbar=\"bottom\" data-toolbar-fixed=\"off\">KERKESE-PER-INFORMACION<\/a><\/div>\n<p class=\"wp-block-pdfemb-pdf-embedder-viewer\"><\/p>\n\n\n<div class=\"vc_row wpb_row vc_row-fluid\"><\/div><div class=\"wpb_column vc_column_container vc_col-sm-12\"><div class=\"vc_column-inner \"><div class=\"wpb_wrapper\"><\/div><\/div><\/div>\n\t<div class=\"wpb_text_column wpb_content_element  wpb_animate_when_almost_visible wpb_slideInDown slideInDown\" >\n\t\t<div class=\"wpb_wrapper\">\n\t\t\t\n\t\t<\/div>\n\t<\/div>\n<h2 style=\"text-align: center;\"><strong>Model Kthim Pergjigje<\/strong><\/h2>\n\n<div class=\"wp-block-pdfemb-pdf-embedder-viewer\"><a href=\"https:\/\/www.prefektidurres.gov.al\/wp-content\/uploads\/2020\/08\/FORMULAR-KTHIM-PERGJIGJE.pdf\" class=\"pdfemb-viewer\" style=\"\" data-width=\"max\" data-height=\"max\" data-toolbar=\"bottom\" data-toolbar-fixed=\"off\">FORMULAR-KTHIM-PERGJIGJE<\/a><\/div>\n<p class=\"wp-block-pdfemb-pdf-embedder-viewer\"><\/p>\n","protected":false},"excerpt":{"rendered":"<p>Model Kthim Pergjigje<\/p>\n","protected":false},"author":1,"featured_media":0,"parent":0,"menu_order":0,"comment_status":"closed","ping_status":"closed","template":"full-width-page.php","meta":{"footnotes":""},"class_list":["post-692","page","type-page","status-publish","hentry"],"aioseo_notices":[],"_links":{"self":[{"href":"https:\/\/www.prefektidurres.gov.al\/index.php\/wp-json\/wp\/v2\/pages\/692","targetHints":{"allow":["GET"]}}],"collection":[{"href":"https:\/\/www.prefektidurres.gov.al\/index.php\/wp-json\/wp\/v2\/pages"}],"about":[{"href":"https:\/\/www.prefektidurres.gov.al\/index.php\/wp-json\/wp\/v2\/types\/page"}],"author":[{"embeddable":true,"href":"https:\/\/www.prefektidurres.gov.al\/index.php\/wp-json\/wp\/v2\/users\/1"}],"replies":[{"embeddable":true,"href":"https:\/\/www.prefektidurres.gov.al\/index.php\/wp-json\/wp\/v2\/comments?post=692"}],"version-history":[{"count":13,"href":"https:\/\/www.prefektidurres.gov.al\/index.php\/wp-json\/wp\/v2\/pages\/692\/revisions"}],"predecessor-version":[{"id":2282,"href":"https:\/\/www.prefektidurres.gov.al\/index.php\/wp-json\/wp\/v2\/pages\/692\/revisions\/2282"}],"wp:attachment":[{"href":"https:\/\/www.prefektidurres.gov.al\/index.php\/wp-json\/wp\/v2\/media?parent=692"}],"curies":[{"name":"wp","href":"https:\/\/api.w.org\/{rel}","templated":true}]}}