{"id":608,"date":"2017-12-12T21:41:34","date_gmt":"2017-12-12T20:41:34","guid":{"rendered":"https:\/\/www.prefektidurres.gov.al\/?page_id=608"},"modified":"2025-04-16T15:38:48","modified_gmt":"2025-04-16T13:38:48","slug":"kordinatori","status":"publish","type":"page","link":"https:\/\/www.prefektidurres.gov.al\/index.php\/kordinatori\/","title":{"rendered":"Koordinatori p\u00ebr t\u00eb Drejt\u00ebn Informimit"},"content":{"rendered":"<div class=\"vc_row wpb_row vc_row-fluid\"><div class=\"wpb_column vc_column_container vc_col-sm-12\"><div class=\"vc_column-inner \"><div class=\"wpb_wrapper\">\n\t<div class=\"wpb_text_column wpb_content_element \" >\n\t\t<div class=\"wpb_wrapper\">\n\t\t\t<h2 style=\"text-align: center;\"><strong>Koordinator: Z. EDISON JONUZI<\/strong><br \/>\n<strong>Adresa postare:\u00a0Prefektura Qarkut Durr\u00ebs, Sheshi Liria, Durr\u00ebs, Albania <\/strong><br \/>\n<strong>Adresa elektronike:\u00a0 edrejtaperinformim@prefektidurres.gov.al<\/strong><br \/>\n<strong>Numri i telefonit: ++355 52 23459<\/strong><br \/>\n<strong>Orari i pun\u00ebs \u00a0:<\/strong><\/h2>\n<h2 style=\"text-align: center;\"><strong>E H\u00cbN\u00cb \u2013 E ENJTE 08:00 \u2013 16:30<\/strong><\/h2>\n<h2 style=\"text-align: center;\"><strong>E PREMTE 08:00 \u2013 14:00<\/strong><\/h2>\n<h2><span style=\"color: #808000;\"><strong>Kompentencat dhe p\u00ebrgjegj\u00ebsit\u00eb administrative t\u00eb Koorditanatorit p\u00ebr t\u00eb drejt\u00ebn e informimit.<\/strong><\/span><\/h2>\n<p><strong>N\u00eb zbatimin t\u00eb nenit 10 t\u00eb ligjit nr. 119\/2014 \u201cP\u00ebr t\u00eb drejt\u00ebn e informimit\u201d, Autoriteti Publik cakton nj\u00eb prej n\u00ebnpun\u00ebsve si Koordinator p\u00ebr t\u00eb drejt\u00ebn e informimit, me q\u00ebllim bashk\u00ebrendimin e pun\u00ebs p\u00ebr garantimin e t\u00eb drejt\u00ebs s\u00eb Informimit.<\/strong><\/p>\n<p><strong>Detyrat dhe kompetencat e Koordinatorit p\u00ebr t\u00eb drejt\u00ebn e informimit<\/strong><\/p>\n<ol>\n<li><strong>I\u00a0mund\u00ebson \u00e7do k\u00ebrkuesi t\u00eb drejt\u00ebn p\u00ebr t\u2019u njohur me informacionin publik, sipas k\u00ebtij ligji, duke u konsultuar me dokumentin origjinal ose duke marr\u00eb nj\u00eb kopje t\u00eb tij.<\/strong><\/li>\n<li><strong>Krijon, mban, publikon dhe p\u00ebrdit\u00ebson regjistrin e k\u00ebrkesave dhe p\u00ebrgjigjeve brenda afatit t\u00eb parashikuar n\u00eb pik\u00ebn 1, t\u00eb nenit 8, t\u00eb k\u00ebtij ligji.<\/strong><\/li>\n<li><strong>Bashk\u00ebrendon pun\u00ebn p\u00ebr plot\u00ebsimin e k\u00ebrkesave p\u00ebr informacione brenda afateve dhe sipas m\u00ebnyr\u00ebs s\u00eb parashikuar n\u00eb k\u00ebt\u00eb ligj.<\/strong><\/li>\n<li><strong>Regjistron k\u00ebrkesat p\u00ebr informacion dhe cakton nj\u00eb num\u00ebr rendor p\u00ebr secil\u00ebn prej tyre.<\/strong><\/li>\n<li><strong>D\u00ebrgon k\u00ebrkes\u00ebn p\u00ebr informim te nj\u00eb autoritet tjet\u00ebr publik, brenda afateve t\u00eb parashikuara n\u00eb k\u00ebt\u00eb ligj, kur rezulton se autoriteti publik ku \u00ebsht\u00eb depozituar k\u00ebrkesa nuk e zot\u00ebron informacionin e k\u00ebrkuar.<\/strong><\/li>\n<li><strong>Verifikon rastet p\u00ebr dh\u00ebnien falas t\u00eb informacionit qytetar\u00ebve, sipas parashikimit t\u00eb pik\u00ebs 5, t\u00eb nenit 13, t\u00eb k\u00ebtij ligji.<\/strong><\/li>\n<li><strong>Kryen njoftimet paraprake, sipas neneve 14 dhe 15, t\u00eb k\u00ebtij ligji, si dhe komunikon me k\u00ebrkuesin, sipas nevoj\u00ebs p\u00ebr trajtimin e k\u00ebrkes\u00ebs p\u00ebr informacion publik.<\/strong><\/li>\n<\/ol>\n<p><strong>Si mund t\u00eb njiheni me informacionin publik<\/strong><\/p>\n<ol>\n<li><strong>K\u00ebrkesa p\u00ebr informim b\u00ebhet me shkrim dhe d\u00ebrgohet dorazi, me post\u00eb ose me post\u00eb elektronike, duke paraqitur sakt\u00eb identitetin e k\u00ebrkuesit dhe n\u00ebnshkrimin e tij. N\u00eb \u00e7do rast, k\u00ebrkesa regjistrohet n\u00eb Regjistrin e K\u00ebrkesave dhe P\u00ebrgjigjeve, t\u00eb parashikuar n\u00eb nenin 8 t\u00eb k\u00ebtij ligji.\u00a0<\/strong><\/li>\n<li><strong>N\u00eb \u00e7do rast, k\u00ebrkesa p\u00ebr informim regjistrohet dhe p\u00ebr t\u00eb caktohet nj\u00eb num\u00ebr rendor. Numri rendor, s\u00eb bashku me t\u00eb dh\u00ebnat e kontaktit t\u00eb koordinatorit p\u00ebr t\u00eb drejt\u00ebn e informimit, i jepen k\u00ebrkuesit q\u00eb ka b\u00ebr\u00eb k\u00ebrkes\u00ebn p\u00ebr informim.<\/strong><\/li>\n<li><strong>K\u00ebrkesat p\u00ebr informim regjistrohen sipas radh\u00ebs s\u00eb paraqitjes dhe trajtohen pa dallime mes tyre.\u00a0<\/strong><\/li>\n<li><strong>K\u00ebrkesa p\u00ebr informim duhet t\u00eb p\u00ebrmbaj\u00eb:\u00a0<\/strong><\/li>\n<\/ol>\n<ul>\n<li><strong>emrin dhe mbiemrin e k\u00ebrkuesit;\u00a0<\/strong><\/li>\n<li><strong>adres\u00ebn postare ose elektronike ku k\u00ebrkohet t\u00eb d\u00ebrgohet informacioni;<\/strong><\/li>\n<li><strong>p\u00ebrshkrimin e informacionit q\u00eb k\u00ebrkohet;\u00a0<\/strong><\/li>\n<li><strong>formatin n\u00eb t\u00eb cilin preferohet informacioni;\u00a0<\/strong><\/li>\n<li><strong>\u00e7do t\u00eb dh\u00ebn\u00eb q\u00eb k\u00ebrkuesi gjykon se mund t\u00eb ndihmoj\u00eb n\u00eb identifikimin e informacionit t\u00eb k\u00ebrkuar.<\/strong><\/li>\n<\/ul>\n<ol start=\"5\">\n<li><strong>N\u00eb qoft\u00eb se k\u00ebrkesa p\u00ebr informim nuk e p\u00ebrcakton formatin n\u00eb t\u00eb cilin k\u00ebrkohet informacioni, ai jepet n\u00eb m\u00ebnyr\u00ebn m\u00eb t\u00eb efektshme dhe me koston m\u00eb t\u00eb ul\u00ebt p\u00ebr autoritetin publik.<\/strong><\/li>\n<\/ol>\n<p><strong>M\u00ebnyrat e dh\u00ebnies s\u00eb informacionit<\/strong><\/p>\n<ol>\n<li><strong>T\u00eb gjitha k\u00ebrkesat p\u00ebr informacion trajtohen, si rregull, n\u00ebp\u00ebrmjet konsultimit pa pages\u00eb t\u00eb informacionit n\u00eb mjediset e autoritetit publik, n\u00ebp\u00ebrmjet portalit unik qeveritar e-albania.al apo, kur \u00ebsht\u00eb rasti, n\u00ebp\u00ebrmjet faqes zyrtare t\u00eb autoritetit publik n\u00eb internet.\u00a0<\/strong><\/li>\n<li><strong>K\u00ebrkesat, q\u00eb lidhen me dokumente t\u00eb shkruara, trajtohen duke v\u00ebn\u00eb n\u00eb dispozicion t\u00eb k\u00ebrkuesit:<\/strong><\/li>\n<\/ol>\n<ul>\n<li><strong>nj\u00eb kopje t\u00eb plot\u00eb, n\u00eb format t\u00eb nj\u00ebjt\u00eb me at\u00eb t\u00eb p\u00ebrdorur nga autoriteti publik, p\u00ebrve\u00e7 rasteve t\u00eb ve\u00e7anta;<\/strong><\/li>\n<li><strong>nj\u00eb kopje t\u00eb plot\u00eb t\u00eb informacionit n\u00ebp\u00ebrmjet post\u00ebs elektronike, kur informacioni gjendet n\u00eb nj\u00eb form\u00eb t\u00eb till\u00eb ose mund t\u00eb konvertohet.<\/strong><\/li>\n<\/ul>\n<ol>\n<li><strong>Lidhur me k\u00ebrkesat q\u00eb lidhen me forma t\u00eb tjera, informacioni jepet n\u00eb m\u00ebnyr\u00ebn m\u00eb t\u00eb efektshme dhe me koston m\u00eb t\u00eb ul\u00ebt p\u00ebr autoritetin publik.\u00a0<\/strong><\/li>\n<li><strong>N\u00eb \u00e7do rast, vendimi i refuzimit p\u00ebr form\u00ebn e k\u00ebrkuar jepet me shkrim dhe i arsyetuar. \u00a0<\/strong><\/li>\n<\/ol>\n<p><strong>Kufizimi i t\u00eb Drejt\u00ebs s\u00eb Informimit<\/strong><\/p>\n<ol>\n<li><strong>E drejta e informimit mund t\u00eb kufizohet n\u00eb rast se \u00ebsht\u00eb e domosdoshme, proporcionale dhe n\u00ebse dh\u00ebnia e informacionit d\u00ebmton interesat e m\u00ebposht\u00ebm:\u00a0<\/strong><br \/>\n<strong>a. t\u00eb drejt\u00ebn p\u00ebr nj\u00eb jet\u00eb private;\u00a0<\/strong><br \/>\n<strong>b. sekretin tregtar;\u00a0<\/strong><br \/>\n<strong>\u00a0c. t\u00eb drejt\u00ebn e autorit;\u00a0<\/strong><br \/>\n<strong>\u00a0d. patentat.\u00a0<\/strong><br \/>\n<strong>Kufizimi i s\u00eb drejt\u00ebs s\u00eb informimit, p\u00ebr shkak t\u00eb interesave t\u00eb parashikuar n\u00eb shkronjat \u201ca\u201d, \u201cb\u201d, \u201cc\u201d dhe \u201c\u00e7\u201d, t\u00eb k\u00ebsaj pike, nuk zbatohet kur titullari i k\u00ebtyre t\u00eb drejtave ka dh\u00ebn\u00eb vet\u00eb p\u00eblqimin p\u00ebr dh\u00ebnien e informacionit p\u00ebrkat\u00ebs ose kur n\u00eb momentin e dh\u00ebnies s\u00eb informacionit ai \u00ebsht\u00eb konsideruar autoritet publik n\u00eb baz\u00eb t\u00eb parashikimeve t\u00eb k\u00ebtij ligji. Pavar\u00ebsisht nga sa parashikohet n\u00eb k\u00ebt\u00eb pik\u00eb, informacioni i k\u00ebrkuar nuk refuzohet n\u00eb rast se ekziston nj\u00eb interes publik m\u00eb i lart\u00eb p\u00ebr dh\u00ebnien e tij.\u00a0<\/strong><strong>2. E drejta e informimit kufizohet n\u00eb rast se \u00ebsht\u00eb e domosdoshme, proporcionale dhe n\u00ebse dh\u00ebnia e informacionit shkakton nj\u00eb d\u00ebm t\u00eb qart\u00eb dhe t\u00eb r\u00ebnd\u00eb ndaj interesave t\u00eb m\u00ebposht\u00ebm:\u00a0<\/strong><br \/>\n<strong>\u00a0a) sigurin\u00eb komb\u00ebtare, sipas p\u00ebrkufizimit t\u00eb b\u00ebr\u00eb nga legjislacioni p\u00ebr informacionin e klasifikuar;<\/strong><br \/>\n<strong>\u00a0b) parandalimin, hetimin dhe ndjekjen e veprave penale;\u00a0<\/strong><br \/>\n<strong>\u00a0c) mbar\u00ebvajtjen e hetimit administrativ n\u00eb kuad\u00ebr t\u00eb nj\u00eb procedimi disiplinor;\u00a0<\/strong><br \/>\n<strong>\u00a0\u00e7) mbar\u00ebvajtjen e procedurave t\u00eb inspektimit dhe auditimit t\u00eb autoriteteve publike;\u00a0<\/strong><br \/>\n<strong>\u00a0d) formulimin e politikave monetare dhe fiskale t\u00eb shtetit;\u00a0<\/strong><br \/>\n<strong>\u00a0dh) barazin\u00eb e pal\u00ebve n\u00eb nj\u00eb proces gjyq\u00ebsor dhe mbar\u00ebvajtjen e procesit gjyq\u00ebsor;\u00a0<\/strong><br \/>\n<strong>\u00a0e) k\u00ebshillimin dhe diskutimin paraprak brenda ose midis autoriteteve publike p\u00ebr zhvillimin e politikave publike;\u00a0<\/strong><br \/>\n<strong>\u00a0\u00eb) mbar\u00ebvajtjen e marr\u00ebdh\u00ebnieve nd\u00ebrko-mb\u00ebtare ose nd\u00ebrqeveritare.<\/strong><br \/>\n<strong>Pavar\u00ebsisht nga sa parashikohet n\u00eb paragrafin e par\u00eb, t\u00eb pik\u00ebs 2, t\u00eb k\u00ebtij neni, informacioni i k\u00ebrkuar nuk refuzohet n\u00eb rast se ekziston nj\u00eb interes publik m\u00eb i lart\u00eb p\u00ebr dh\u00ebnien e tij. Kufizimi mbi t\u00eb drejt\u00ebn e informimit, p\u00ebr shkak t\u00eb interesit t\u00eb parashikuar n\u00eb pik\u00ebn 2, shkronjat \u201cc\u201d dhe \u201c\u00e7\u201d, t\u00eb k\u00ebtij neni, nuk zbatohet kur hetimi administrativ, n\u00eb kuad\u00ebr t\u00eb nj\u00eb procedimi disiplinor, dhe procedurat e inspektimit e t\u00eb auditimit t\u00eb autoriteteve publike kan\u00eb p\u00ebrfunduar. Kufizimi mbi t\u00eb drejt\u00ebn e informimit, p\u00ebr shkak t\u00eb interesit t\u00eb parashikuar n\u00eb pik\u00ebn 2, shkronjat \u201cd\u201d dhe \u201cdh\u201d, t\u00eb k\u00ebtij neni, nuk zbatohet kur t\u00eb dh\u00ebnat p\u00ebrkat\u00ebse jan\u00eb fakte, analiza t\u00eb fakteve, t\u00eb dh\u00ebna teknike ose t\u00eb dh\u00ebna statistikore. Kufizimi mbi t\u00eb drejt\u00ebn e informimit, p\u00ebr shkak t\u00eb interesit t\u00eb parashikuar n\u00eb pik\u00ebn 2, shkronja \u201ce\u201d, t\u00eb k\u00ebtij neni, nuk zbatohet pasi politikat jan\u00eb b\u00ebr\u00eb publike.\u00a0<\/strong><strong>3. E drejta e informimit kufizohet, n\u00ebse \u00ebsht\u00eb e domosdoshme, proporcionale dhe n\u00eb qoft\u00eb se p\u00ebrhapja e informacionit do t\u00eb shkelte sekretin profesional t\u00eb garantuar nga ligji.\u00a0<\/strong><strong>4. E drejta e informimit kufizohet edhe kur, pavar\u00ebsisht nga ndihma e dh\u00ebn\u00eb nga autoriteti publik, k\u00ebrkesa mbetet e paqart\u00eb dhe b\u00ebhet i pamundur identifikimi i informacionit t\u00eb k\u00ebrkuar.\u00a0<\/strong><strong>5. E drejta e informimit nuk refuzohet automatikisht kur informacioni i k\u00ebrkuar gjendet n\u00eb dokumente t\u00eb klasifikuara \u201csekret shtet\u00ebror\u201d. N\u00eb k\u00ebt\u00eb rast, autoriteti publik, t\u00eb cilit i \u00ebsht\u00eb d\u00ebrguar k\u00ebrkesa p\u00ebr informim, fillon menj\u00ebher\u00eb procedur\u00ebn e rishikimit t\u00eb klasifikimit pran\u00eb autoritetit publik q\u00eb ka urdh\u00ebruar klasifikimin, sipas ligjit nr. 8457, dat\u00eb 11.2.1999, \u201cP\u00ebr informacionin e klasifikuar \u201csekret shtet\u00ebror\u201d\u201d, t\u00eb ndryshuar. Autoriteti publik njofton menj\u00ebher\u00eb k\u00ebrkuesin p\u00ebr fillimin e procedur\u00ebs p\u00ebr rishikimin e klasifikimit, sipas ligjit, dhe vendos shtyrjen e afatit p\u00ebr dh\u00ebnien e informacionit brenda 30 dit\u00ebve pune. N\u00eb \u00e7do rast, vendimi p\u00ebr trajtimin ose jo t\u00eb k\u00ebrkes\u00ebs p\u00ebr informim merret dhe arsyetohet n\u00eb baz\u00eb t\u00eb kritereve t\u00eb k\u00ebtij neni.\u00a0<\/strong><\/p>\n<p><strong>6. N\u00ebse kufizimi prek vet\u00ebm nj\u00eb pjes\u00eb t\u00eb informacionit t\u00eb k\u00ebrkuar, pjesa tjet\u00ebr nuk i refuzohet k\u00ebrkuesit. Autoriteti publik tregon qart\u00eb pjes\u00ebt e dokumentacionit p\u00ebrkat\u00ebs q\u00eb jan\u00eb refuzuar, si dhe n\u00eb baz\u00eb t\u00eb cil\u00ebs pik\u00eb t\u00eb k\u00ebtij neni \u00ebsht\u00eb b\u00ebr\u00eb ky refuzim. Dispozitat e k\u00ebtij neni zbatohen edhe p\u00ebr njohjen me informacionin arkivor t\u00eb \u00e7do lloji, pavar\u00ebsisht nga parashikimet e ligjit p\u00ebr arkivat.<\/strong><\/li>\n<\/ol>\n<p><strong>Afati p\u00ebr marrjen e informacionit<\/strong><\/p>\n<ol>\n<li><strong>Autoriteti publik trajton k\u00ebrkes\u00ebn p\u00ebr informim, duke parashtruar informacionin e k\u00ebrkuar sa m\u00eb shpejt q\u00eb t\u00eb jet\u00eb e mundur, por jo m\u00eb von\u00eb se 10 dit\u00eb pune nga dita e dor\u00ebzimit t\u00eb saj, p\u00ebrve\u00e7 rasteve kur ligji i posa\u00e7\u00ebm parashikon ndryshe.<\/strong><strong>2. Kur autoriteti publik q\u00eb merr k\u00ebrkes\u00ebn p\u00ebr informim ia d\u00ebrgon at\u00eb nj\u00eb autoriteti tjet\u00ebr, ai kthen p\u00ebrgjigje jo m\u00eb von\u00eb se 15 dit\u00eb pune nga dita e mb\u00ebrritjes s\u00eb k\u00ebrkes\u00ebs n\u00eb autoritetin e par\u00eb.\u00a0<\/strong><strong>3. Afati i parashikuar n\u00eb pikat 1 dhe 2, t\u00eb k\u00ebtij neni, mund t\u00eb zgjatet me jo m\u00eb shum\u00eb se 5 dit\u00eb pune p\u00ebr nj\u00eb nga shkaqet e m\u00ebposhtme:<\/strong><strong>a. nevoja p\u00ebr t\u00eb k\u00ebrkuar dhe shqyrtuar dokumente t\u00eb shumta e voluminoze;\u00a0<\/strong><br \/>\n<strong>b. nevoja p\u00ebr t\u2019i shtrir\u00eb k\u00ebrkimet n\u00eb zyra dhe mjedise q\u00eb jan\u00eb fizikisht t\u00eb ndara nga zyra qendrore e autoritetit;\u00a0<\/strong><br \/>\n<strong>\u00a0\u00a0c. nevoja p\u00ebr t\u2019u konsultuar me autoritete t\u00eb tjera publike p\u00ebrpara marrjes s\u00eb nj\u00eb vendimi p\u00ebr plot\u00ebsimin ose jo t\u00eb k\u00ebrkes\u00ebs.<\/strong><br \/>\n<strong>Vendimi p\u00ebr zgjatjen e afatit i njoftohet menj\u00ebher\u00eb k\u00ebrkuesit.\u00a0<\/strong><strong>4. N\u00eb \u00e7do rast, mostrajtimi i k\u00ebrkes\u00ebs p\u00ebr informim brenda afateve t\u00eb sip\u00ebrp\u00ebrmendura do t\u00eb konsiderohet refuzim. Dispozitat e k\u00ebtij neni zbatohen edhe p\u00ebr njohjen me informacionin arkivor t\u00eb \u00e7do lloji.<\/strong><\/li>\n<\/ol>\n<p><strong>Tarifa p\u00ebr Dh\u00ebnien e Informacionit<\/strong><\/p>\n<ol>\n<li><strong>N\u00eb Prefekturen e Qarkut Durr\u00ebs nuk ka tarif\u00eb pagese p\u00ebr dh\u00ebnien e informacionit.\u00a0<\/strong><\/li>\n<li><strong>Sh\u00ebrbimet e administrat\u00ebs publike jan\u00eb pa pages\u00eb. Dh\u00ebnia e informacionit mund t\u00eb b\u00ebhet kundrejt nj\u00eb tarife, t\u00eb p\u00ebrcaktuar m\u00eb par\u00eb dhe t\u00eb b\u00ebr\u00eb publike nga autoriteti publik n\u00eb faqen e tij t\u00eb internetit dhe n\u00eb mjediset e pritjes s\u00eb publikut. Tarifa \u00ebsht\u00eb kostoja e riprodhimit t\u00eb informacionit t\u00eb k\u00ebrkuar dhe, kur \u00ebsht\u00eb rasti, e d\u00ebrgimit t\u00eb tij. Informacioni i k\u00ebrkuar n\u00eb rrug\u00eb elektronike jepet falas.\u00a0<\/strong><strong>3. Kostoja e riprodhimit nuk mund t\u00eb jet\u00eb m\u00eb e lart\u00eb se kostoja reale e materialit, mbi t\u00eb cilin riprodhohet informacioni. Kostoja e d\u00ebrgimit nuk mund t\u00eb jet\u00eb m\u00eb e lart\u00eb se kostoja mesatare e t\u00eb nj\u00ebjtit sh\u00ebrbim n\u00eb treg.\u00a0<\/strong><strong>4. Komisioneri p\u00ebr t\u00eb Drejt\u00ebn e Informimit dhe Mbrojtjen e t\u00eb Dh\u00ebnave Personale shqyrton periodikisht, n\u00eb bashk\u00ebpunim me Ministrin\u00eb e Financave, tarifat e b\u00ebra publike nga autoritetet publike dhe, sipas rastit, urdh\u00ebron ndryshimin e tyre.\u00a0<\/strong><strong>5. Qytetar\u00ebt e regjistruar rregullisht n\u00eb skemat e ndihm\u00ebs shoq\u00ebrore, si dhe subjektet p\u00ebrfituese, sipas ligjit nr. 10 039, dat\u00eb 22.12.2008, \u201cP\u00ebr ndihm\u00ebn juridike\u201d, t\u00eb ndryshuar, e p\u00ebrfitojn\u00eb informacionin falas deri n\u00eb nj\u00eb num\u00ebr t\u00eb caktuar faqesh p\u00ebr \u00e7do k\u00ebrkes\u00eb ose n\u00eb vler\u00ebn ekuivalente kur informacioni jepet n\u00eb nj\u00eb format tjet\u00ebr.<\/strong><strong>6. Ministri i Drejt\u00ebsis\u00eb dhe Ministri I Financave me udh\u00ebzim t\u00eb p\u00ebrbashk\u00ebt p\u00ebrcaktojn\u00eb numrin e faqeve, p\u00ebr t\u00eb cilat informacioni p\u00ebrfitohet falas, sipas pik\u00ebs 4, t\u00eb k\u00ebtij neni, si dhe rastet e p\u00ebrjashtimit nga pagesa e tarif\u00ebs.<\/strong><\/li>\n<\/ol>\n\n\t\t<\/div>\n\t<\/div>\n<\/div><\/div><\/div><\/div>\n","protected":false},"excerpt":{"rendered":"<p>Koordinator: Z. EDISON JONUZI Adresa postare:\u00a0Prefektura Qarkut Durr\u00ebs, Sheshi Liria, Durr\u00ebs, Albania Adresa elektronike:\u00a0 edrejtaperinformim@prefektidurres.gov.al Numri i telefonit: ++355 52 23459 Orari i pun\u00ebs \u00a0: E H\u00cbN\u00cb \u2013 E ENJTE 08:00 \u2013 16:30 E PREMTE 08:00 \u2013 14:00 Kompentencat dhe p\u00ebrgjegj\u00ebsit\u00eb administrative t\u00eb Koorditanatorit p\u00ebr t\u00eb drejt\u00ebn e informimit. N\u00eb zbatimin t\u00eb nenit 10 t\u00eb...<\/p>\n","protected":false},"author":1,"featured_media":0,"parent":0,"menu_order":0,"comment_status":"closed","ping_status":"closed","template":"full-width-page.php","meta":{"footnotes":""},"class_list":["post-608","page","type-page","status-publish","hentry"],"aioseo_notices":[],"_links":{"self":[{"href":"https:\/\/www.prefektidurres.gov.al\/index.php\/wp-json\/wp\/v2\/pages\/608","targetHints":{"allow":["GET"]}}],"collection":[{"href":"https:\/\/www.prefektidurres.gov.al\/index.php\/wp-json\/wp\/v2\/pages"}],"about":[{"href":"https:\/\/www.prefektidurres.gov.al\/index.php\/wp-json\/wp\/v2\/types\/page"}],"author":[{"embeddable":true,"href":"https:\/\/www.prefektidurres.gov.al\/index.php\/wp-json\/wp\/v2\/users\/1"}],"replies":[{"embeddable":true,"href":"https:\/\/www.prefektidurres.gov.al\/index.php\/wp-json\/wp\/v2\/comments?post=608"}],"version-history":[{"count":12,"href":"https:\/\/www.prefektidurres.gov.al\/index.php\/wp-json\/wp\/v2\/pages\/608\/revisions"}],"predecessor-version":[{"id":3388,"href":"https:\/\/www.prefektidurres.gov.al\/index.php\/wp-json\/wp\/v2\/pages\/608\/revisions\/3388"}],"wp:attachment":[{"href":"https:\/\/www.prefektidurres.gov.al\/index.php\/wp-json\/wp\/v2\/media?parent=608"}],"curies":[{"name":"wp","href":"https:\/\/api.w.org\/{rel}","templated":true}]}}