{"id":602,"date":"2017-12-12T21:40:41","date_gmt":"2017-12-12T20:40:41","guid":{"rendered":"https:\/\/www.prefektidurres.gov.al\/?page_id=602"},"modified":"2020-08-04T18:25:28","modified_gmt":"2020-08-04T16:25:28","slug":"ligji-per-te-drejtat","status":"publish","type":"page","link":"https:\/\/www.prefektidurres.gov.al\/index.php\/ligji-per-te-drejtat\/","title":{"rendered":"Ligji p\u00ebr t\u00eb Drejt\u00ebn e Informimit"},"content":{"rendered":"<div class=\"vc_row wpb_row vc_row-fluid\"><div class=\"wpb_column vc_column_container vc_col-sm-12\"><div class=\"vc_column-inner \"><div class=\"wpb_wrapper\">\n\t<div class=\"wpb_text_column wpb_content_element  wpb_animate_when_almost_visible wpb_fadeInDownBig fadeInDownBig\" >\n\t\t<div class=\"wpb_wrapper\">\n\t\t\t<h3 style=\"text-align: center;\"><strong>LIGJ NR. 119-2014 PER TE DREJTEN E INFORMIMIT<\/strong><\/h3>\n\n\t\t<\/div>\n\t<\/div>\n\n\t<div class=\"wpb_raw_code wpb_content_element wpb_raw_html\" >\n\t\t<div class=\"wpb_wrapper\">\n\t\t\t<center>\n<iframe src=\"http:\/\/docs.google.com\/gview?url=https:\/\/www.prefektidurres.gov.al\/wp-content\/uploads\/2017\/12\/Ligj-Nr.119-2014-Per-te-drejten-e-informimit-1.pdf&embedded=true\" style=\"width:900px; height:1250px;\" frameborder=\"0\"><\/iframe> <\/center>\n\n\n\n\n\t\t<\/div>\n\t<\/div>\n<\/div><\/div><\/div><\/div>\n","protected":false},"excerpt":{"rendered":"<p>LIGJ NR. 119-2014 PER TE DREJTEN E INFORMIMIT<\/p>\n","protected":false},"author":1,"featured_media":0,"parent":0,"menu_order":0,"comment_status":"closed","ping_status":"closed","template":"full-width-page.php","meta":{"footnotes":""},"class_list":["post-602","page","type-page","status-publish","hentry"],"aioseo_notices":[],"_links":{"self":[{"href":"https:\/\/www.prefektidurres.gov.al\/index.php\/wp-json\/wp\/v2\/pages\/602","targetHints":{"allow":["GET"]}}],"collection":[{"href":"https:\/\/www.prefektidurres.gov.al\/index.php\/wp-json\/wp\/v2\/pages"}],"about":[{"href":"https:\/\/www.prefektidurres.gov.al\/index.php\/wp-json\/wp\/v2\/types\/page"}],"author":[{"embeddable":true,"href":"https:\/\/www.prefektidurres.gov.al\/index.php\/wp-json\/wp\/v2\/users\/1"}],"replies":[{"embeddable":true,"href":"https:\/\/www.prefektidurres.gov.al\/index.php\/wp-json\/wp\/v2\/comments?post=602"}],"version-history":[{"count":5,"href":"https:\/\/www.prefektidurres.gov.al\/index.php\/wp-json\/wp\/v2\/pages\/602\/revisions"}],"predecessor-version":[{"id":792,"href":"https:\/\/www.prefektidurres.gov.al\/index.php\/wp-json\/wp\/v2\/pages\/602\/revisions\/792"}],"wp:attachment":[{"href":"https:\/\/www.prefektidurres.gov.al\/index.php\/wp-json\/wp\/v2\/media?parent=602"}],"curies":[{"name":"wp","href":"https:\/\/api.w.org\/{rel}","templated":true}]}}