{"id":568,"date":"2017-12-12T20:15:41","date_gmt":"2017-12-12T19:15:41","guid":{"rendered":"https:\/\/www.prefektidurres.gov.al\/?page_id=568"},"modified":"2018-01-09T23:39:35","modified_gmt":"2018-01-09T22:39:35","slug":"cv-prefekti","status":"publish","type":"page","link":"https:\/\/www.prefektidurres.gov.al\/index.php\/cv-prefekti\/","title":{"rendered":"Prefekti"},"content":{"rendered":"<div class=\"vc_row wpb_row vc_row-fluid\"><div class=\"wpb_column vc_column_container vc_col-sm-12\"><div class=\"vc_column-inner \"><div class=\"wpb_wrapper\">\n\t<div class=\"wpb_text_column wpb_content_element \" >\n\t\t<div class=\"wpb_wrapper\">\n\t\t\t<p style=\"text-align: center;\"><strong><u>CURICULUM\u00a0 VITAE<\/u><\/strong><\/p>\n<p><strong>\u00a0 \u00a0 \u00a0 \u00a0 \u00a0 \u00a0 \u00a0 \u00a0 \u00a0 \u00a0 \u00a0 \u00a0 \u00a0 \u00a0 \u00a0 \u00a0 \u00a0 \u00a0 \u00a0 \u00a0 \u00a0 \u00a0 \u00a0 \u00a0 \u00a0 \u00a0 \u00a0 \u00a0 \u00a0 \u00a0 \u00a0 \u00a0 \u00a0 \u00a0 \u00a0 \u00a0 \u00a0 \u00a0 \u00a0 \u00a0 \u00a0 \u00a0 \u00a0 \u00a0<img decoding=\"async\" class=\"wp-image-578 alignright\" src=\"https:\/\/www.prefektidurres.gov.al\/wp-content\/uploads\/2017\/12\/fotocv.jpg\" alt=\"\" width=\"207\" height=\"241\" srcset=\"https:\/\/www.prefektidurres.gov.al\/wp-content\/uploads\/2017\/12\/fotocv.jpg 335w, https:\/\/www.prefektidurres.gov.al\/wp-content\/uploads\/2017\/12\/fotocv-258x300.jpg 258w, https:\/\/www.prefektidurres.gov.al\/wp-content\/uploads\/2017\/12\/fotocv-300x349.jpg 300w\" sizes=\"(max-width: 207px) 100vw, 207px\" \/><\/strong><\/p>\n<p><strong>EMRI\u00a0 \u00a0 \u00a0 \u00a0 \u00a0 \u00a0 \u00a0 \u00a0 \u00a0 \u00a0 \u00a0 \u00a0 \u00a0 \u00a0 \u00a0 : Roland<\/strong><\/p>\n<p><strong>MBIEMRI\u00a0 \u00a0 \u00a0 \u00a0 \u00a0 \u00a0 \u00a0 \u00a0 \u00a0 \u00a0 \u00a0 : Nasto<\/strong><\/p>\n<p><strong>DAT\u00cbLINDJA\u00a0 \u00a0 \u00a0 \u00a0 \u00a0 \u00a0 \u00a0 \u00a0 : 18.07.1956<\/strong><\/p>\n<p><strong>VENDLINDJA\u00a0 \u00a0 \u00a0 \u00a0 \u00a0 \u00a0 \u00a0 \u00a0: Durr\u00ebs<\/strong><\/p>\n<p><strong>VENDBANIMI\u00a0 \u00a0 \u00a0 \u00a0 \u00a0 \u00a0 \u00a0 : Durr\u00ebs <\/strong><\/p>\n<p><strong>GJENDJA CIVILE\u00a0 \u00a0 \u00a0 \u00a0 \u00a0 : I martuar (dy f\u00ebmij\u00eb)<\/strong><\/p>\n<p><strong>NUMRI I TELEFONIT\u00a0 : Mobil 0674081620<\/strong><\/p>\n<p><strong>E-mail\u00a0 \u00a0 \u00a0 \u00a0 \u00a0 \u00a0 \u00a0 \u00a0 \u00a0 \u00a0 \u00a0 \u00a0 \u00a0 \u00a0 : nasto.roland@yahoo.com <\/strong><\/p>\n<p><strong>\u00a0<\/strong><\/p>\n<p><strong><u>EDUKIMI:<\/u><\/strong><\/p>\n<p><strong><u>\u00a0<\/u><\/strong><\/p>\n<p><strong>26.08.1971 \u201330.06.1975\u00a0\u00a0 : Shkolla e Mesme Ushtarake <sup>\u201e<\/sup>Sk\u00ebnd\u00ebrbej<sub>\u201c<\/sub>, Tiran\u00eb.\u00a0\u00a0\u00a0\u00a0\u00a0\u00a0\u00a0\u00a0 <\/strong><\/p>\n<p><strong>01.09.1975 \u201330.06.1976\u00a0\u00a0 : Stazhi i Shkoll\u00ebs s\u00eb Mesme.<\/strong><\/p>\n<p><strong>30.09.1976 \u201330.06.1979\u00a0\u00a0 : Akademia e Lart\u00eb e Marin\u00ebs, Vlor\u00eb.<\/strong><\/p>\n<p><strong>01.08.1979 \u201302.09.1980\u00a0 \u00a0: Stazhi i Oficerit n\u00eb BUD-in Durr\u00ebs.(Rep Usht Nr9515)<\/strong><\/p>\n<p><strong>25.02.1994 \u2013 25.08.1996\u00a0 : Akademia e Luft\u00ebs s\u00eb Marin\u00ebs n\u00eb Turqi.<\/strong><\/p>\n<p><strong>22.12. 2003 \u201325.03. 2004 : Kursi i Kolegjit t\u00eb Mbrojtjes, Tiran\u00eb.<\/strong><\/p>\n<p><strong>1996 &#8211; 2011\u00a0 \u00a0 \u00a0 \u00a0 \u00a0 \u00a0 \u00a0 \u00a0 \u00a0 \u00a0 \u00a0 \u00a0 \u00a0: Disa Kurse t\u00eb ndryshme t\u00eb NATO\u2013s.<\/strong><\/p>\n<p><strong>\u00a0<\/strong><\/p>\n<p><strong><u>EKSPERIENCA E PUN\u00cbS<\/u><\/strong><strong> :<\/strong><\/p>\n<p><strong>\u00a0<\/strong><\/p>\n<p><strong>03.09.1980 \u2013 05.05.1991\u00a0 : Komandant Anije<\/strong><\/p>\n<p><strong>05.05.1991 &#8211;\u00a0 18.08.1992\u00a0 : Komandant Skuadrile n\u00eb Regjimentin e Katrave Silirues.<\/strong><\/p>\n<p><strong>19.08.1992 &#8211;\u00a0 24.02.1994\u00a0 : Shef Shtabi n\u00eb Baz\u00ebn Ushtarake Detare, Durr\u00ebs<\/strong><\/p>\n<p><strong>01.09.1996 &#8211; \u00a002.02.1998 \u00a0: Shefi Operativ e Ndihm\u00ebs Shef Shtabi n\u00eb Forc\u00ebn Detare<\/strong><\/p>\n<p><strong>02.02.1998 &#8211;\u00a0 15.01.2003\u00a0 : Shef Shtabi i Forc\u00ebs Detare<\/strong><\/p>\n<p><strong>15.01.2003 &#8211;\u00a0 15.12.2003\u00a0 : Komandant i Akademis\u00eb Ushtarake <sup>\u201e<\/sup>Sk\u00ebnd\u00ebrbej<sub>\u201c<\/sub><\/strong><\/p>\n<p><strong>16.12.2003 &#8211;\u00a0 30.04.2007\u00a0 : Komandant i Distriktit Par\u00eb Detar Durr\u00ebs<\/strong><\/p>\n<p><strong>01.05.2007 &#8211;\u00a0 27.05.2011\u00a0 : Shef Shtabi i Forc\u00ebs Detare<\/strong><\/p>\n<p><strong>27.05.2011\u00a0 \u00a0 \u00a0 \u00a0 \u00a0 \u00a0 \u00a0 \u00a0 \u00a0 \u00a0 \u00a0 \u00a0 \u00a0 : Dal\u00eb n\u00eb rezerv\u00eb.<\/strong><\/p>\n<p><strong>01.10.2011 \u2013 16.03. 2012 : Specialist Hidografie n\u00eb Sh\u00ebrbimin Hidografik(civil)<\/strong><\/p>\n<p><strong>16.03.2012 &#8211;\u00a0 01.10. 2012 : Shefi i Zyr\u00ebs s\u00eb Komandantit t\u00eb Forc\u00ebs Detare (civil)<\/strong><\/p>\n<p><strong>2013 \u2013 n\u00eb vazhdim\u00a0\u00a0\u00a0\u00a0\u00a0\u00a0\u00a0\u00a0\u00a0\u00a0 : Specialist Hidografie p\u00ebr Bregdetin n\u00eb Sh\u00ebrbimin Hidografik<\/strong><\/p>\n<p><strong>\u00a0<\/strong><\/p>\n<p><strong><u>GJUH\u00cbT E HUAJA<\/u><\/strong><strong>\u00a0 \u00a0 \u00a0 : Anglisht niveli i dyt\u00eb \u00e7ertifikuar7.02.2003 n\u00eb QGJH,KDS-Tiran\u00eb.<\/strong><\/p>\n<p><strong>\u00a0\u00a0\u00a0\u00a0\u00a0\u00a0\u00a0\u00a0\u00a0\u00a0\u00a0\u00a0\u00a0\u00a0\u00a0\u00a0\u00a0\u00a0\u00a0\u00a0\u00a0\u00a0\u00a0\u00a0\u00a0\u00a0\u00a0\u00a0\u00a0\u00a0\u00a0\u00a0\u00a0\u00a0\u00a0\u00a0 : Turqisht \u00e7ertifikuar mir\u00eb n\u00eb QGJH, Stamboll \/Turqi.<\/strong><\/p>\n<p><strong>\u00a0\u00a0\u00a0\u00a0\u00a0\u00a0\u00a0\u00a0\u00a0\u00a0\u00a0\u00a0\u00a0\u00a0\u00a0\u00a0\u00a0\u00a0\u00a0\u00a0\u00a0\u00a0\u00a0\u00a0\u00a0\u00a0\u00a0\u00a0\u00a0\u00a0\u00a0\u00a0\u00a0\u00a0\u00a0\u00a0 : Italisht\u00a0 e pa mbrojtur.<\/strong><\/p>\n<p><strong><u>GRADA USHTARAKE<\/u><\/strong><strong>: Kapiten i Rangut t\u00eb Par\u00eb (Kolonel) n\u00eb rezerv\u00eb.<\/strong><\/p>\n<p><strong>\u00a0<\/strong><\/p>\n<p><strong><u>DEKORATA<\/u><\/strong><strong> :<\/strong><\/p>\n<p><strong>\u00a0<\/strong><\/p>\n<ol start=\"29\">\n<li><strong> 09.1980 : Medalje e Sh\u00ebrbimit Ushtarak akorduar nga Presidenti i Republik\u00ebs\u00a0\u00a0\u00a0\u00a0\u00a0\u00a0\u00a0\u00a0\u00a0\u00a0\u00a0\u00a0 <\/strong><\/li>\n<li><strong> 10.1998 : Urdh\u00ebri i Sh\u00ebrbimit Ushtarak i Klasit t\u00eb Tret\u00eb akorduar nga Presidenti<\/strong><strong>\u00a0i Republik\u00ebs\u00a0<\/strong><\/li>\n<\/ol>\n<ol start=\"3\">\n<li><strong> 12.2002 : Medalja e Mirnjohjes akorduar nga Presidenti i Republik\u00ebs<\/strong><\/li>\n<li><strong> 12.2005 : Medalja e Karrier\u00ebs Ushtarake akorduar nga Shefi i SH.P. t\u00eb FA<\/strong><\/li>\n<li><strong> 12.2007 : Medalja e Komandantit akorduar nga MM.<\/strong><\/li>\n<li><strong> 12.2009 : Medalja p\u00ebr sh\u00ebrbime t\u00eb ve\u00e7anta akorduar nga Shefi i SH.P. t\u00eb FA<\/strong><\/li>\n<\/ol>\n\n\t\t<\/div>\n\t<\/div>\n<\/div><\/div><\/div><\/div>\n","protected":false},"excerpt":{"rendered":"<p>CURICULUM\u00a0 VITAE \u00a0 \u00a0 \u00a0 \u00a0 \u00a0 \u00a0 \u00a0 \u00a0 \u00a0 \u00a0 \u00a0 \u00a0 \u00a0 \u00a0 \u00a0 \u00a0 \u00a0 \u00a0 \u00a0 \u00a0 \u00a0 \u00a0 \u00a0 \u00a0 \u00a0 \u00a0 \u00a0 \u00a0 \u00a0 \u00a0 \u00a0 \u00a0 \u00a0 \u00a0 \u00a0 \u00a0 \u00a0 \u00a0 \u00a0 \u00a0 \u00a0 \u00a0 \u00a0 \u00a0 EMRI\u00a0 \u00a0 \u00a0 \u00a0 \u00a0 \u00a0 \u00a0 \u00a0 \u00a0...<\/p>\n","protected":false},"author":1,"featured_media":0,"parent":0,"menu_order":0,"comment_status":"closed","ping_status":"closed","template":"full-width-page.php","meta":{"footnotes":""},"class_list":["post-568","page","type-page","status-publish","hentry"],"aioseo_notices":[],"_links":{"self":[{"href":"https:\/\/www.prefektidurres.gov.al\/index.php\/wp-json\/wp\/v2\/pages\/568","targetHints":{"allow":["GET"]}}],"collection":[{"href":"https:\/\/www.prefektidurres.gov.al\/index.php\/wp-json\/wp\/v2\/pages"}],"about":[{"href":"https:\/\/www.prefektidurres.gov.al\/index.php\/wp-json\/wp\/v2\/types\/page"}],"author":[{"embeddable":true,"href":"https:\/\/www.prefektidurres.gov.al\/index.php\/wp-json\/wp\/v2\/users\/1"}],"replies":[{"embeddable":true,"href":"https:\/\/www.prefektidurres.gov.al\/index.php\/wp-json\/wp\/v2\/comments?post=568"}],"version-history":[{"count":5,"href":"https:\/\/www.prefektidurres.gov.al\/index.php\/wp-json\/wp\/v2\/pages\/568\/revisions"}],"predecessor-version":[{"id":1053,"href":"https:\/\/www.prefektidurres.gov.al\/index.php\/wp-json\/wp\/v2\/pages\/568\/revisions\/1053"}],"wp:attachment":[{"href":"https:\/\/www.prefektidurres.gov.al\/index.php\/wp-json\/wp\/v2\/media?parent=568"}],"curies":[{"name":"wp","href":"https:\/\/api.w.org\/{rel}","templated":true}]}}