{"id":3516,"date":"2026-03-30T21:00:46","date_gmt":"2026-03-30T19:00:46","guid":{"rendered":"https:\/\/www.prefektidurres.gov.al\/?page_id=3516"},"modified":"2026-03-30T21:03:02","modified_gmt":"2026-03-30T19:03:02","slug":"njoftime","status":"publish","type":"page","link":"https:\/\/www.prefektidurres.gov.al\/index.php\/njoftime\/","title":{"rendered":"Njoftime"},"content":{"rendered":"\n<p>Vende vakante<\/p>\n\n\n\n<p>Njoftim i dat\u00ebs 30.03.2026 mbi shpalljen e gjasht\u00eb vendeve vakante n\u00eb Zyrat e Arkivit t\u00eb Gjendjes Civile t\u00eb Prefektit t\u00eb Qarkut Durr\u00ebs.<\/p>\n\n\n\n<p>Publikuar m\u00eb: 30.03.2026<\/p>\n\n\n\n<p><a href=\"https:\/\/www.prefektidurres.gov.al\/wp-content\/uploads\/2026\/03\/Njoftime-Pune.pdf\" target=\"_blank\" rel=\"noopener\" title=\"\">Shkarko dokumentin<\/a><\/p>\n\n\n\n<p><\/p>\n","protected":false},"excerpt":{"rendered":"<p>Vende vakante Njoftim i dat\u00ebs 30.03.2026 mbi shpalljen e gjasht\u00eb vendeve vakante n\u00eb Zyrat e Arkivit t\u00eb Gjendjes Civile t\u00eb Prefektit t\u00eb Qarkut Durr\u00ebs. Publikuar m\u00eb: 30.03.2026 Shkarko dokumentin<\/p>\n","protected":false},"author":1,"featured_media":0,"parent":0,"menu_order":0,"comment_status":"closed","ping_status":"closed","template":"full-width-page.php","meta":{"footnotes":""},"class_list":["post-3516","page","type-page","status-publish","hentry"],"aioseo_notices":[],"_links":{"self":[{"href":"https:\/\/www.prefektidurres.gov.al\/index.php\/wp-json\/wp\/v2\/pages\/3516","targetHints":{"allow":["GET"]}}],"collection":[{"href":"https:\/\/www.prefektidurres.gov.al\/index.php\/wp-json\/wp\/v2\/pages"}],"about":[{"href":"https:\/\/www.prefektidurres.gov.al\/index.php\/wp-json\/wp\/v2\/types\/page"}],"author":[{"embeddable":true,"href":"https:\/\/www.prefektidurres.gov.al\/index.php\/wp-json\/wp\/v2\/users\/1"}],"replies":[{"embeddable":true,"href":"https:\/\/www.prefektidurres.gov.al\/index.php\/wp-json\/wp\/v2\/comments?post=3516"}],"version-history":[{"count":4,"href":"https:\/\/www.prefektidurres.gov.al\/index.php\/wp-json\/wp\/v2\/pages\/3516\/revisions"}],"predecessor-version":[{"id":3527,"href":"https:\/\/www.prefektidurres.gov.al\/index.php\/wp-json\/wp\/v2\/pages\/3516\/revisions\/3527"}],"wp:attachment":[{"href":"https:\/\/www.prefektidurres.gov.al\/index.php\/wp-json\/wp\/v2\/media?parent=3516"}],"curies":[{"name":"wp","href":"https:\/\/api.w.org\/{rel}","templated":true}]}}