{"id":312,"date":"2017-12-07T09:26:15","date_gmt":"2017-12-07T08:26:15","guid":{"rendered":"https:\/\/www.prefektidurres.gov.al\/?page_id=312"},"modified":"2026-03-03T12:45:08","modified_gmt":"2026-03-03T11:45:08","slug":"opendata","status":"publish","type":"page","link":"https:\/\/www.prefektidurres.gov.al\/index.php\/opendata\/","title":{"rendered":"OPEN DATA"},"content":{"rendered":"<div class=\"vc_row wpb_row vc_row-fluid\"><div class=\"wpb_column vc_column_container vc_col-sm-12\"><div class=\"vc_column-inner \"><div class=\"wpb_wrapper\"><div class=\"vc_btn3-container vc_btn3-center\" >\n\t<a class=\"vc_general vc_btn3 vc_btn3-size-lg vc_btn3-shape-square vc_btn3-style-3d vc_btn3-block vc_btn3-color-danger\" href=\"https:\/\/www.prefektidurres.gov.al\/wp-content\/uploads\/2022\/06\/PREFEKTURA-E-DURRESIT-.pdf\" title=\"HISTORIKU\" target=\"_blank\">HISTORIKU<\/a><\/div>\n<div class=\"vc_btn3-container vc_btn3-center\" >\n\t<a class=\"vc_general vc_btn3 vc_btn3-size-lg vc_btn3-shape-square vc_btn3-style-3d vc_btn3-block vc_btn3-color-danger\" href=\"https:\/\/www.prefektidurres.gov.al\/index.php\/transparena-test\/\" title=\"REGJISTRI I K\u00cbRKESAVE DHE P\u00cbRGJIGJEVE\" target=\"_blank\">REGJITRI I K\u00cbRKESAVE DHE P\u00cbRGJIGJEVE<\/a><\/div>\n<div class=\"vc_btn3-container vc_btn3-center\" >\n\t<a class=\"vc_general vc_btn3 vc_btn3-size-lg vc_btn3-shape-square vc_btn3-style-3d vc_btn3-block vc_btn3-color-danger\" href=\"https:\/\/www.prefektidurres.gov.al\/wp-content\/uploads\/2025\/04\/RAPORTI-VJETOR-PREFEKTI-2022.pdf\" title=\"RAPORTET VJETORE T\u00cb VEPRIMTARIS\u00cb S\u00cb INSTITUCIONIT\" target=\"_blank\">RAPORTET VJETORE T\u00cb VEPRIMTARIS\u00cb S\u00cb INSTITUCIONIT  2022<\/a><\/div>\n<div class=\"vc_btn3-container vc_btn3-center\" >\n\t<a class=\"vc_general vc_btn3 vc_btn3-size-lg vc_btn3-shape-square vc_btn3-style-3d vc_btn3-block vc_btn3-color-danger\" href=\"https:\/\/www.prefektidurres.gov.al\/wp-content\/uploads\/2025\/04\/RAPORTI-VJETOR-PREFEKTI-2023.pdf\" title=\"RAPORTET VJETORE T\u00cb VEPRIMTARIS\u00cb S\u00cb INSTITUCIONIT\" target=\"_blank\">RAPORTET VJETORE T\u00cb VEPRIMTARIS\u00cb S\u00cb INSTITUCIONIT 2023<\/a><\/div>\n<div class=\"vc_btn3-container vc_btn3-center\" >\n\t<a class=\"vc_general vc_btn3 vc_btn3-size-lg vc_btn3-shape-square vc_btn3-style-3d vc_btn3-block vc_btn3-color-danger\" href=\"https:\/\/www.prefektidurres.gov.al\/wp-content\/uploads\/2025\/04\/RAPORTI-VJETOR-PREFEKTI-2024.pdf\" title=\"RAPORTET VJETORE T\u00cb VEPRIMTARIS\u00cb S\u00cb INSTITUCIONIT\" target=\"_blank\">RAPORTET VJETORE T\u00cb VEPRIMTARIS\u00cb S\u00cb INSTITUCIONIT 2024<\/a><\/div>\n<div class=\"vc_btn3-container vc_btn3-center\" >\n\t<a class=\"vc_general vc_btn3 vc_btn3-size-lg vc_btn3-shape-square vc_btn3-style-3d vc_btn3-block vc_btn3-color-danger\" href=\"https:\/\/www.prefektidurres.gov.al\/wp-content\/uploads\/2026\/03\/ANALIZA-VJETOR-VITI-2025.pptx\" title=\"Analiza vjetore 2025\" target=\"_blank\">RAPORTET VJETORE T\u00cb VEPRIMTARIS\u00cb S\u00cb INSTITUCIONIT 2025<\/a><\/div>\n<div class=\"vc_btn3-container vc_btn3-center\" >\n\t<a class=\"vc_general vc_btn3 vc_btn3-size-lg vc_btn3-shape-square vc_btn3-style-3d vc_btn3-block vc_btn3-color-danger\" href=\"https:\/\/www.prefektidurres.gov.al\/wp-content\/uploads\/2025\/04\/Rregjistrat_Kerkesave_Prefektura_Durres_2020_2024_FINAL-1.pdf\" title=\"STATISTIKA T\u00cb K\u00cbRKESAVE P\u00cbR INFORMACION PUBLIK DHE P\u00cbRGJIGJET E DH\u00cbNA\" target=\"_blank\">STATISTIKA T\u00cb K\u00cbRKESAVE P\u00cbR INFORMACION PUBLIK DHE P\u00cbRGJIGJET E DH\u00cbNA<\/a><\/div>\n<div class=\"vc_btn3-container vc_btn3-center\" >\n\t<a class=\"vc_general vc_btn3 vc_btn3-size-lg vc_btn3-shape-square vc_btn3-style-3d vc_btn3-block vc_btn3-color-danger\" href=\"https:\/\/www.prefektidurres.gov.al\/wp-content\/uploads\/2025\/04\/E-drejta-Per-informim.pdf\" title=\"E DREJTA P\u00cbR INFORMIM\" target=\"_blank\">E DREJTA P\u00cbR INFORMIM<\/a><\/div>\n<div class=\"vc_btn3-container vc_btn3-center\" >\n\t<a class=\"vc_general vc_btn3 vc_btn3-size-lg vc_btn3-shape-square vc_btn3-style-3d vc_btn3-block vc_btn3-color-danger\" href=\"https:\/\/www.prefektidurres.gov.al\/index.php\/category\/aktivitete\/\" title=\"T\u00cb DH\u00cbNA MBI AKTIVITETET DHE TAKIMET ZYRTARE\" target=\"_blank\">T\u00cb DH\u00cbNA MBI AKTIVITETET DHE TAKIMET ZYRTARE<\/a><\/div>\n<div class=\"vc_btn3-container vc_btn3-center\" >\n\t<a class=\"vc_general vc_btn3 vc_btn3-size-lg vc_btn3-shape-square vc_btn3-style-3d vc_btn3-block vc_btn3-color-danger\" href=\"https:\/\/www.prefektidurres.gov.al\/wp-content\/uploads\/2025\/04\/VKM-807-date-28122023-Per-miratimin-e-planit-kom_250422_095302.pdf\" title=\"PLANI KOMB\u00cbTAR I EMERGJENCAVE CIVILE\" target=\"_blank\">PLANI KOMB\u00cbTAR I EMERGJENCAVE CIVILE<\/a><\/div>\n<div class=\"vc_btn3-container vc_btn3-center\" >\n\t<a class=\"vc_general vc_btn3 vc_btn3-size-lg vc_btn3-shape-square vc_btn3-style-3d vc_btn3-block vc_btn3-color-danger\" href=\"https:\/\/www.prefektidurres.gov.al\/wp-content\/uploads\/2025\/06\/buxheti-22-der-2025-rregjistrat-e-parashimit-dhe-rregj-e-realizimit-p.publ_.xlsx\" title=\"BUXHETI VJETOR I INSTITUCIONIT\" target=\"_blank\">BUXHETI VJETOR I INSTITUCIONIT- REFERUAR RUBRIKES TE PROGRAMI TE TRANSPARENCES - INFORMACION MBI BUXHETIN<\/a><\/div>\n<div class=\"vc_btn3-container vc_btn3-center\" >\n\t<button class=\"vc_general vc_btn3 vc_btn3-size-lg vc_btn3-shape-square vc_btn3-style-3d vc_btn3-block vc_btn3-color-danger\">PROKURIMET PUBLIKE <\/button><\/div>\n<div class=\"vc_btn3-container vc_btn3-center\" >\n\t<a class=\"vc_general vc_btn3 vc_btn3-size-lg vc_btn3-shape-square vc_btn3-style-3d vc_btn3-block vc_btn3-color-danger\" href=\"https:\/\/www.prefektidurres.gov.al\/wp-content\/uploads\/2025\/04\/adzm.pdf\" title=\"T\u00cb DH\u00cbNA MBI ZONAT E MBROJTURA MJEDISORE T\u00cb QARKUT DURR\u00cbS\" target=\"_blank\">T\u00cb DH\u00cbNA MBI ZONAT E MBROJTURA MJEDISORE T\u00cb QARKUT DURR\u00cbS<\/a><\/div>\n<div class=\"vc_btn3-container vc_btn3-center\" >\n\t<a class=\"vc_general vc_btn3 vc_btn3-size-lg vc_btn3-shape-square vc_btn3-style-3d vc_btn3-block vc_btn3-color-danger\" href=\"https:\/\/www.prefektidurres.gov.al\/wp-content\/uploads\/2025\/05\/Turizmi.pdf\" title=\"TURIZMI\" target=\"_blank\">TURIZMI<\/a><\/div>\n<div class=\"vc_btn3-container vc_btn3-center\" >\n\t<a class=\"vc_general vc_btn3 vc_btn3-size-lg vc_btn3-shape-square vc_btn3-style-3d vc_btn3-block vc_btn3-color-danger\" href=\"https:\/\/www.prefektidurres.gov.al\/wp-content\/uploads\/2025\/04\/URDHER-28-8.4.2025.pdf\" title=\"URDHER 28 DATE 08.04.2025\" target=\"_blank\">URDHER 28 DATE 08.04.2025<\/a><\/div>\n<div class=\"vc_btn3-container vc_btn3-center\" >\n\t<a class=\"vc_general vc_btn3 vc_btn3-size-lg vc_btn3-shape-square vc_btn3-style-3d vc_btn3-block vc_btn3-color-danger\" href=\"https:\/\/www.prefektidurres.gov.al\/wp-content\/uploads\/2025\/06\/njoftim-mbi-perdorimin-e-te-dhenave-te-hapura.pdf\" title=\"P\u00cbRDORIMI I OPEN DATA\" target=\"_blank\">PERDORIMI I OPEN DATA<\/a><\/div>\n<div class=\"vc_btn3-container vc_btn3-center\" >\n\t<a class=\"vc_general vc_btn3 vc_btn3-size-lg vc_btn3-shape-square vc_btn3-style-3d vc_btn3-block vc_btn3-color-danger\" href=\"https:\/\/www.prefektidurres.gov.al\/wp-content\/uploads\/2025\/10\/STRATEGJIA-RISKUT.pdf\" title=\"\" target=\"_blank\">STRATEGJIA E RISKUT<\/a><\/div>\n<\/div><\/div><\/div><\/div>\n","protected":false},"excerpt":{"rendered":"<p>HISTORIKU REGJITRI I K\u00cbRKESAVE DHE P\u00cbRGJIGJEVE RAPORTET VJETORE T\u00cb VEPRIMTARIS\u00cb S\u00cb INSTITUCIONIT 2022 RAPORTET VJETORE T\u00cb VEPRIMTARIS\u00cb S\u00cb INSTITUCIONIT 2023 RAPORTET VJETORE T\u00cb VEPRIMTARIS\u00cb S\u00cb INSTITUCIONIT 2024 RAPORTET VJETORE T\u00cb VEPRIMTARIS\u00cb S\u00cb INSTITUCIONIT 2025 STATISTIKA T\u00cb K\u00cbRKESAVE P\u00cbR INFORMACION PUBLIK DHE P\u00cbRGJIGJET E DH\u00cbNA E DREJTA P\u00cbR INFORMIM T\u00cb DH\u00cbNA MBI AKTIVITETET DHE TAKIMET ZYRTARE...<\/p>\n","protected":false},"author":1,"featured_media":0,"parent":0,"menu_order":0,"comment_status":"closed","ping_status":"open","template":"full-width-page.php","meta":{"footnotes":""},"class_list":["post-312","page","type-page","status-publish","hentry"],"aioseo_notices":[],"_links":{"self":[{"href":"https:\/\/www.prefektidurres.gov.al\/index.php\/wp-json\/wp\/v2\/pages\/312","targetHints":{"allow":["GET"]}}],"collection":[{"href":"https:\/\/www.prefektidurres.gov.al\/index.php\/wp-json\/wp\/v2\/pages"}],"about":[{"href":"https:\/\/www.prefektidurres.gov.al\/index.php\/wp-json\/wp\/v2\/types\/page"}],"author":[{"embeddable":true,"href":"https:\/\/www.prefektidurres.gov.al\/index.php\/wp-json\/wp\/v2\/users\/1"}],"replies":[{"embeddable":true,"href":"https:\/\/www.prefektidurres.gov.al\/index.php\/wp-json\/wp\/v2\/comments?post=312"}],"version-history":[{"count":23,"href":"https:\/\/www.prefektidurres.gov.al\/index.php\/wp-json\/wp\/v2\/pages\/312\/revisions"}],"predecessor-version":[{"id":3473,"href":"https:\/\/www.prefektidurres.gov.al\/index.php\/wp-json\/wp\/v2\/pages\/312\/revisions\/3473"}],"wp:attachment":[{"href":"https:\/\/www.prefektidurres.gov.al\/index.php\/wp-json\/wp\/v2\/media?parent=312"}],"curies":[{"name":"wp","href":"https:\/\/api.w.org\/{rel}","templated":true}]}}