{"id":2030,"date":"2020-08-04T17:51:19","date_gmt":"2020-08-04T15:51:19","guid":{"rendered":"https:\/\/www.prefektidurres.gov.al\/?page_id=2030"},"modified":"2025-02-03T12:18:34","modified_gmt":"2025-02-03T11:18:34","slug":"arkiva","status":"publish","type":"page","link":"https:\/\/www.prefektidurres.gov.al\/index.php\/arkiva\/","title":{"rendered":"DENONCIME"},"content":{"rendered":"<div class=\"vc_row wpb_row vc_row-fluid\"><div class=\"wpb_column vc_column_container vc_col-sm-12\"><div class=\"vc_column-inner \"><div class=\"wpb_wrapper\"><style type=\"text\/css\">.vc_btn3-style-gradient-custom.vc_btn-gradient-btn-69de8a54352f0:hover{color: #ffffff;background-color: #eeee22;border: none;background-position: 100% 0;}<\/style><style type=\"text\/css\">.vc_btn3-style-gradient-custom.vc_btn-gradient-btn-69de8a54352f0{color: #ffffff;border: none;background-color: #dd3333;background-image: -webkit-linear-gradient(left, #dd3333 0%, #eeee22 50%,#dd3333 100%);background-image: linear-gradient(to right, #dd3333 0%, #eeee22 50%,#dd3333 100%);-webkit-transition: all .2s ease-in-out;transition: all .2s ease-in-out;background-size: 200% 100%;}<\/style><div class=\"vc_btn3-container vc_btn3-center\" >\n\t<button data-vc-gradient-1=\"#dd3333\" data-vc-gradient-2=\"#eeee22\" class=\"vc_general vc_btn3 vc_btn3-size-lg vc_btn3-shape-square vc_btn3-style-gradient-custom vc_btn3-block vc_btn-gradient-btn-69de8a54352f0\">Denonconi \u00e7do rasti te perfshirjes ose nxitjes, apo kerkes\u00ebs per perfshirjen e administrates t\u00eb Prefektit n\u00eb veprimtari politike apo n\u00eb mb\u00ebshtetje te nj\u00eb subjekti zgjedhor ose kandidati ne zgjedhje.<\/button><\/div>\n<\/div><\/div><\/div><\/div><div class=\"vc_row wpb_row vc_row-fluid\"><div class=\"wpb_column vc_column_container vc_col-sm-12\"><div class=\"vc_column-inner \"><div class=\"wpb_wrapper\">\n\t<div class=\"wpb_text_column wpb_content_element \" >\n\t\t<div class=\"wpb_wrapper\">\n\t\t\t<p style=\"text-align: center;\"><strong><span class=\"hyperLink\">Sekretar i Pergjithsh\u00ebm\u00a0 Z. Edison Jonuzi<\/span><\/strong><\/p>\n<p style=\"text-align: center;\"><strong><span class=\"hyperLink\">E-mail:edisonjonuzi@prefektidurres.gov.al<\/span><\/strong><\/p>\n<p style=\"text-align: center;\"><strong><span class=\"hyperLink\">Adresa:Prefektura e Qarkut Durr\u00ebs, Sheshi Liria, Durr\u00ebs, Albania<\/span><\/strong><\/p>\n\n\t\t<\/div>\n\t<\/div>\n<\/div><\/div><\/div><\/div>\n","protected":false},"excerpt":{"rendered":"<p>.vc_btn3-style-gradient-custom.vc_btn-gradient-btn-69de8a5436551:hover{color: #ffffff;background-color: #eeee22;border: none;background-position: 100% 0;}.vc_btn3-style-gradient-custom.vc_btn-gradient-btn-69de8a5436551{color: #ffffff;border: none;background-color: #dd3333;background-image: -webkit-linear-gradient(left, #dd3333 0%, #eeee22 50%,#dd3333 100%);background-image: linear-gradient(to right, #dd3333 0%, #eeee22 50%,#dd3333 100%);-webkit-transition: all .2s ease-in-out;transition: all .2s ease-in-out;background-size: 200% 100%;} Denonconi \u00e7do rasti te perfshirjes ose nxitjes, apo kerkes\u00ebs per perfshirjen e administrates t\u00eb Prefektit n\u00eb veprimtari politike apo n\u00eb mb\u00ebshtetje te nj\u00eb subjekti zgjedhor...<\/p>\n","protected":false},"author":1,"featured_media":0,"parent":0,"menu_order":0,"comment_status":"closed","ping_status":"closed","template":"full-width-page.php","meta":{"footnotes":""},"class_list":["post-2030","page","type-page","status-publish","hentry"],"aioseo_notices":[],"_links":{"self":[{"href":"https:\/\/www.prefektidurres.gov.al\/index.php\/wp-json\/wp\/v2\/pages\/2030","targetHints":{"allow":["GET"]}}],"collection":[{"href":"https:\/\/www.prefektidurres.gov.al\/index.php\/wp-json\/wp\/v2\/pages"}],"about":[{"href":"https:\/\/www.prefektidurres.gov.al\/index.php\/wp-json\/wp\/v2\/types\/page"}],"author":[{"embeddable":true,"href":"https:\/\/www.prefektidurres.gov.al\/index.php\/wp-json\/wp\/v2\/users\/1"}],"replies":[{"embeddable":true,"href":"https:\/\/www.prefektidurres.gov.al\/index.php\/wp-json\/wp\/v2\/comments?post=2030"}],"version-history":[{"count":10,"href":"https:\/\/www.prefektidurres.gov.al\/index.php\/wp-json\/wp\/v2\/pages\/2030\/revisions"}],"predecessor-version":[{"id":3293,"href":"https:\/\/www.prefektidurres.gov.al\/index.php\/wp-json\/wp\/v2\/pages\/2030\/revisions\/3293"}],"wp:attachment":[{"href":"https:\/\/www.prefektidurres.gov.al\/index.php\/wp-json\/wp\/v2\/media?parent=2030"}],"curies":[{"name":"wp","href":"https:\/\/api.w.org\/{rel}","templated":true}]}}