{"id":1069,"date":"2018-01-12T12:03:16","date_gmt":"2018-01-12T11:03:16","guid":{"rendered":"https:\/\/www.prefektidurres.gov.al\/?page_id=1069"},"modified":"2020-08-28T21:51:34","modified_gmt":"2020-08-28T19:51:34","slug":"vendimet-e-keshillave-bashkiak","status":"publish","type":"page","link":"https:\/\/www.prefektidurres.gov.al\/index.php\/vendimet-e-keshillave-bashkiak\/","title":{"rendered":"Vendimet e K\u00ebshillave Bashkiak"},"content":{"rendered":"\t\t<div data-elementor-type=\"wp-post\" data-elementor-id=\"1069\" class=\"elementor elementor-1069\">\n\t\t\t\t\t\t<section class=\"has_eae_slider elementor-section elementor-top-section elementor-element elementor-element-d227ff7 elementor-section-boxed elementor-section-height-default elementor-section-height-default\" data-eae-slider=\"89018\" data-id=\"d227ff7\" data-element_type=\"section\" data-e-type=\"section\">\n\t\t\t\t\t\t<div class=\"elementor-container elementor-column-gap-default\">\n\t\t\t\t\t<div class=\"has_eae_slider elementor-column elementor-col-100 elementor-top-column elementor-element elementor-element-509d4b6\" data-eae-slider=\"42382\" data-id=\"509d4b6\" data-element_type=\"column\" data-e-type=\"column\">\n\t\t\t<div class=\"elementor-widget-wrap elementor-element-populated\">\n\t\t\t\t\t\t<div class=\"elementor-element elementor-element-69d8f8d elementor-widget elementor-widget-accordion\" data-id=\"69d8f8d\" data-element_type=\"widget\" data-e-type=\"widget\" data-widget_type=\"accordion.default\">\n\t\t\t\t<div class=\"elementor-widget-container\">\n\t\t\t\t\t\t\t<div class=\"elementor-accordion\">\n\t\t\t\t\t\t\t<div class=\"elementor-accordion-item\">\n\t\t\t\t\t<div id=\"elementor-tab-title-1101\" class=\"elementor-tab-title\" data-tab=\"1\" role=\"button\" aria-controls=\"elementor-tab-content-1101\" aria-expanded=\"false\">\n\t\t\t\t\t\t\t\t\t\t\t\t\t<span class=\"elementor-accordion-icon elementor-accordion-icon-left\" aria-hidden=\"true\">\n\t\t\t\t\t\t\t\t\t\t\t\t\t\t\t<span class=\"elementor-accordion-icon-closed\"><i class=\"fas fa-plus\"><\/i><\/span>\n\t\t\t\t\t\t\t\t<span class=\"elementor-accordion-icon-opened\"><i class=\"fas fa-minus\"><\/i><\/span>\n\t\t\t\t\t\t\t\t\t\t\t\t\t\t<\/span>\n\t\t\t\t\t\t\t\t\t\t\t\t<a class=\"elementor-accordion-title\" tabindex=\"0\">VENDIMET E K\u00cbSHILLAVE BASHKIAK<\/a>\n\t\t\t\t\t<\/div>\n\t\t\t\t\t<div id=\"elementor-tab-content-1101\" class=\"elementor-tab-content elementor-clearfix\" data-tab=\"1\" role=\"region\" aria-labelledby=\"elementor-tab-title-1101\"><h2><strong><a href=\"http:\/\/www.vendime.al\/durres\/\">Vendimet e K\u00ebshillit Bashkiak\u00a0 Durr\u00ebs<\/a><\/strong><\/h2><h2><a href=\"https:\/\/www.vendime.al\/?search-class=DB_CustomSearch_Widget-db_customsearch_widget&amp;widget_number=preset-default&amp;cs--0=SHIJAK&amp;cs-Viti-1=&amp;cs-Muaji-2=&amp;cs-Numri_i_vendimit-3=&amp;search=Kerko\"><strong>Vendimet e K\u00ebshillit Bashkiak Shijak<\/strong><\/a><\/h2><h2><a href=\"https:\/\/www.vendime.al\/?search-class=DB_CustomSearch_Widget-db_customsearch_widget&amp;widget_number=preset-default&amp;cs--0=KRUJE&amp;cs-Viti-1=&amp;cs-Muaji-2=&amp;cs-Numri_i_vendimit-3=&amp;search=Kerko\"><strong>Vendimet e K\u00ebshillit Bashkiak Kruje<\/strong><\/a><\/h2><h2><a href=\"http:\/\/www.qarkudurres.gov.al\/vendimet-e-keshillit\/\"><strong>Vendimet e Qarkut Durr<\/strong><strong>\u00ebs<\/strong><\/a><\/h2><\/div>\n\t\t\t\t<\/div>\n\t\t\t\t\t\t\t\t<\/div>\n\t\t\t\t\t\t<\/div>\n\t\t\t\t<\/div>\n\t\t\t\t\t<\/div>\n\t\t<\/div>\n\t\t\t\t\t<\/div>\n\t\t<\/section>\n\t\t\t\t<\/div>\n\t\t","protected":false},"excerpt":{"rendered":"<p>VENDIMET E K\u00cbSHILLAVE BASHKIAK Vendimet e K\u00ebshillit Bashkiak\u00a0 Durr\u00ebs Vendimet e K\u00ebshillit Bashkiak Shijak Vendimet e K\u00ebshillit Bashkiak Kruje Vendimet e Qarkut Durr\u00ebs<\/p>\n","protected":false},"author":1,"featured_media":0,"parent":0,"menu_order":0,"comment_status":"closed","ping_status":"closed","template":"full-width-page.php","meta":{"footnotes":""},"class_list":["post-1069","page","type-page","status-publish","hentry"],"aioseo_notices":[],"_links":{"self":[{"href":"https:\/\/www.prefektidurres.gov.al\/index.php\/wp-json\/wp\/v2\/pages\/1069","targetHints":{"allow":["GET"]}}],"collection":[{"href":"https:\/\/www.prefektidurres.gov.al\/index.php\/wp-json\/wp\/v2\/pages"}],"about":[{"href":"https:\/\/www.prefektidurres.gov.al\/index.php\/wp-json\/wp\/v2\/types\/page"}],"author":[{"embeddable":true,"href":"https:\/\/www.prefektidurres.gov.al\/index.php\/wp-json\/wp\/v2\/users\/1"}],"replies":[{"embeddable":true,"href":"https:\/\/www.prefektidurres.gov.al\/index.php\/wp-json\/wp\/v2\/comments?post=1069"}],"version-history":[{"count":6,"href":"https:\/\/www.prefektidurres.gov.al\/index.php\/wp-json\/wp\/v2\/pages\/1069\/revisions"}],"predecessor-version":[{"id":2142,"href":"https:\/\/www.prefektidurres.gov.al\/index.php\/wp-json\/wp\/v2\/pages\/1069\/revisions\/2142"}],"wp:attachment":[{"href":"https:\/\/www.prefektidurres.gov.al\/index.php\/wp-json\/wp\/v2\/media?parent=1069"}],"curies":[{"name":"wp","href":"https:\/\/api.w.org\/{rel}","templated":true}]}}